{"id":7,"date":"2021-01-10T03:16:33","date_gmt":"2021-01-10T06:16:33","guid":{"rendered":"http:\/\/drinksimples.com.br\/?page_id=7"},"modified":"2024-01-04T10:42:08","modified_gmt":"2024-01-04T13:42:08","slug":"home","status":"publish","type":"page","link":"https:\/\/drinksimples.com.br\/","title":{"rendered":"Drink Simples"},"content":{"rendered":"[vc_row type=&#8221;full_width_background&#8221; full_screen_row_position=&#8221;middle&#8221; column_margin=&#8221;default&#8221; column_direction=&#8221;default&#8221; column_direction_tablet=&#8221;default&#8221; column_direction_phone=&#8221;default&#8221; scene_position=&#8221;center&#8221; top_padding=&#8221;0&#8243; text_color=&#8221;dark&#8221; text_align=&#8221;left&#8221; row_border_radius=&#8221;none&#8221; row_border_radius_applies=&#8221;bg&#8221; overlay_strength=&#8221;0.3&#8243; gradient_direction=&#8221;left_to_right&#8221; shape_divider_position=&#8221;bottom&#8221; bg_image_animation=&#8221;none&#8221; shape_type=&#8221;&#8221;][vc_column column_padding=&#8221;no-extra-padding&#8221; column_padding_tablet=&#8221;inherit&#8221; column_padding_phone=&#8221;inherit&#8221; column_padding_position=&#8221;all&#8221; background_color_opacity=&#8221;1&#8243; background_hover_color_opacity=&#8221;1&#8243; column_shadow=&#8221;none&#8221; column_border_radius=&#8221;none&#8221; column_link_target=&#8221;_self&#8221; gradient_direction=&#8221;left_to_right&#8221; overlay_strength=&#8221;0.3&#8243; width=&#8221;3\/4&#8243; tablet_width_inherit=&#8221;default&#8221; tablet_text_alignment=&#8221;default&#8221; phone_text_alignment=&#8221;default&#8221; column_border_width=&#8221;none&#8221; column_border_style=&#8221;solid&#8221; bg_image_animation=&#8221;none&#8221;][vc_raw_html]JTVCcmVhY3RpdmUlMjBrZXklM0QlMjIxODYlMjIlNUQ=[\/vc_raw_html][\/vc_column][vc_column column_padding=&#8221;no-extra-padding&#8221; column_padding_tablet=&#8221;inherit&#8221; column_padding_phone=&#8221;inherit&#8221; column_padding_position=&#8221;all&#8221; centered_text=&#8221;true&#8221; background_color_opacity=&#8221;1&#8243; background_hover_color_opacity=&#8221;1&#8243; column_shadow=&#8221;none&#8221; column_border_radius=&#8221;none&#8221; column_link_target=&#8221;_self&#8221; gradient_direction=&#8221;left_to_right&#8221; overlay_strength=&#8221;0.3&#8243; width=&#8221;1\/4&#8243; tablet_width_inherit=&#8221;default&#8221; tablet_text_alignment=&#8221;default&#8221; phone_text_alignment=&#8221;default&#8221; column_border_width=&#8221;none&#8221; column_border_style=&#8221;solid&#8221; bg_image_animation=&#8221;none&#8221; enable_animation=&#8221;true&#8221; animation=&#8221;fade-in-from-right&#8221;][image_with_animation image_url=&#8221;998&#8243; animation=&#8221;Fade In&#8221; hover_animation=&#8221;none&#8221; alignment=&#8221;center&#8221; img_link_target=&#8221;_blank&#8221; border_radius=&#8221;none&#8221; box_shadow=&#8221;none&#8221; image_loading=&#8221;default&#8221; max_width=&#8221;100%&#8221; max_width_mobile=&#8221;default&#8221; img_link=&#8221;https:\/\/amzn.to\/3vjVkNH&#8221;][\/vc_column][\/vc_row]\n","protected":false},"excerpt":{"rendered":"<p>[vc_row type=&#8221;full_width_background&#8221; full_screen_row_position=&#8221;middle&#8221; column_margin=&#8221;default&#8221; column_direction=&#8221;default&#8221; column_direction_tablet=&#8221;default&#8221; column_direction_phone=&#8221;default&#8221; scene_position=&#8221;center&#8221; top_padding=&#8221;0&#8243; text_color=&#8221;dark&#8221; text_align=&#8221;left&#8221; row_border_radius=&#8221;none&#8221; row_border_radius_applies=&#8221;bg&#8221; overlay_strength=&#8221;0.3&#8243; gradient_direction=&#8221;left_to_right&#8221; shape_divider_position=&#8221;bottom&#8221; bg_image_animation=&#8221;none&#8221; shape_type=&#8221;&#8221;][vc_column column_padding=&#8221;no-extra-padding&#8221; column_padding_tablet=&#8221;inherit&#8221; column_padding_phone=&#8221;inherit&#8221; column_padding_position=&#8221;all&#8221; background_color_opacity=&#8221;1&#8243; background_hover_color_opacity=&#8221;1&#8243; column_shadow=&#8221;none&#8221; column_border_radius=&#8221;none&#8221; column_link_target=&#8221;_self&#8221; gradient_direction=&#8221;left_to_right&#8221; overlay_strength=&#8221;0.3&#8243; width=&#8221;3\/4&#8243;&#8230;<\/p>\n","protected":false},"author":1,"featured_media":0,"parent":0,"menu_order":0,"comment_status":"closed","ping_status":"closed","template":"","meta":{"_monsterinsights_skip_tracking":false,"_monsterinsights_sitenote_active":false,"_monsterinsights_sitenote_note":"","_monsterinsights_sitenote_category":0,"footnotes":""},"class_list":["post-7","page","type-page","status-publish"],"yoast_head":"<!-- This site is optimized with the Yoast SEO plugin v27.1.1 - https:\/\/yoast.com\/product\/yoast-seo-wordpress\/ -->\n<title>Drink Simples<\/title>\n<meta name=\"description\" content=\"Aqui voc\u00ea encontra receitas de Drinks e Coquet\u00e9is, dos Cl\u00e1ssicos aos Modernos, sempre de uma forma simples e f\u00e1cil de fazer.\" \/>\n<meta name=\"robots\" content=\"index, follow, max-snippet:-1, max-image-preview:large, max-video-preview:-1\" \/>\n<link rel=\"canonical\" href=\"https:\/\/drinksimples.com.br\/\" \/>\n<meta property=\"og:locale\" content=\"pt_BR\" \/>\n<meta property=\"og:type\" content=\"article\" \/>\n<meta property=\"og:title\" content=\"Drink Simples\" \/>\n<meta property=\"og:description\" content=\"Aqui voc\u00ea encontra receitas de Drinks e Coquet\u00e9is, dos Cl\u00e1ssicos aos Modernos, sempre de uma forma simples e f\u00e1cil de fazer.\" \/>\n<meta property=\"og:url\" content=\"https:\/\/drinksimples.com.br\/\" \/>\n<meta property=\"og:site_name\" content=\"Drink Simples\" \/>\n<meta property=\"article:publisher\" content=\"https:\/\/www.facebook.com\/drinksimples\" \/>\n<meta property=\"article:modified_time\" content=\"2024-01-04T13:42:08+00:00\" \/>\n<meta property=\"og:image\" content=\"https:\/\/drinksimples.com.br\/wp-content\/uploads\/2021\/02\/dry_martini_lemon_splash_01-1024x1024.jpg\" \/>\n\t<meta property=\"og:image:width\" content=\"1024\" \/>\n\t<meta property=\"og:image:height\" content=\"1024\" \/>\n\t<meta property=\"og:image:type\" content=\"image\/jpeg\" \/>\n<meta name=\"twitter:card\" content=\"summary_large_image\" \/>\n<meta name=\"twitter:site\" content=\"@drinksimples\" \/>\n<meta name=\"twitter:label1\" content=\"Est. tempo de leitura\" \/>\n\t<meta name=\"twitter:data1\" content=\"1 minuto\" \/>\n<!-- \/ Yoast SEO plugin. -->","yoast_head_json":{"title":"Drink Simples","description":"Aqui voc\u00ea encontra receitas de Drinks e Coquet\u00e9is, dos Cl\u00e1ssicos aos Modernos, sempre de uma forma simples e f\u00e1cil de fazer.","robots":{"index":"index","follow":"follow","max-snippet":"max-snippet:-1","max-image-preview":"max-image-preview:large","max-video-preview":"max-video-preview:-1"},"canonical":"https:\/\/drinksimples.com.br\/","og_locale":"pt_BR","og_type":"article","og_title":"Drink Simples","og_description":"Aqui voc\u00ea encontra receitas de Drinks e Coquet\u00e9is, dos Cl\u00e1ssicos aos Modernos, sempre de uma forma simples e f\u00e1cil de fazer.","og_url":"https:\/\/drinksimples.com.br\/","og_site_name":"Drink Simples","article_publisher":"https:\/\/www.facebook.com\/drinksimples","article_modified_time":"2024-01-04T13:42:08+00:00","og_image":[{"width":1024,"height":1024,"url":"https:\/\/drinksimples.com.br\/wp-content\/uploads\/2021\/02\/dry_martini_lemon_splash_01-1024x1024.jpg","type":"image\/jpeg"}],"twitter_card":"summary_large_image","twitter_site":"@drinksimples","twitter_misc":{"Est. tempo de leitura":"1 minuto"},"schema":{"@context":"https:\/\/schema.org","@graph":[{"@type":"WebPage","@id":"https:\/\/drinksimples.com.br\/","url":"https:\/\/drinksimples.com.br\/","name":"Drink Simples","isPartOf":{"@id":"https:\/\/drinksimples.com.br\/#website"},"datePublished":"2021-01-10T06:16:33+00:00","dateModified":"2024-01-04T13:42:08+00:00","description":"Aqui voc\u00ea encontra receitas de Drinks e Coquet\u00e9is, dos Cl\u00e1ssicos aos Modernos, sempre de uma forma simples e f\u00e1cil de fazer.","breadcrumb":{"@id":"https:\/\/drinksimples.com.br\/#breadcrumb"},"inLanguage":"pt-BR","potentialAction":[{"@type":"ReadAction","target":["https:\/\/drinksimples.com.br\/"]}]},{"@type":"BreadcrumbList","@id":"https:\/\/drinksimples.com.br\/#breadcrumb","itemListElement":[{"@type":"ListItem","position":1,"name":"In\u00edcio","item":"https:\/\/drinksimples.com.br\/"},{"@type":"ListItem","position":2,"name":"Drink Simples"}]},{"@type":"WebSite","@id":"https:\/\/drinksimples.com.br\/#website","url":"https:\/\/drinksimples.com.br\/","name":"Drink Simples","description":"Receitas de drinks e coquet\u00e9is f\u00e1ceis e simples de preparar.","potentialAction":[{"@type":"SearchAction","target":{"@type":"EntryPoint","urlTemplate":"https:\/\/drinksimples.com.br\/?s={search_term_string}"},"query-input":{"@type":"PropertyValueSpecification","valueRequired":true,"valueName":"search_term_string"}}],"inLanguage":"pt-BR"}]}},"_links":{"self":[{"href":"https:\/\/drinksimples.com.br\/index.php?rest_route=\/wp\/v2\/pages\/7","targetHints":{"allow":["GET"]}}],"collection":[{"href":"https:\/\/drinksimples.com.br\/index.php?rest_route=\/wp\/v2\/pages"}],"about":[{"href":"https:\/\/drinksimples.com.br\/index.php?rest_route=\/wp\/v2\/types\/page"}],"author":[{"embeddable":true,"href":"https:\/\/drinksimples.com.br\/index.php?rest_route=\/wp\/v2\/users\/1"}],"replies":[{"embeddable":true,"href":"https:\/\/drinksimples.com.br\/index.php?rest_route=%2Fwp%2Fv2%2Fcomments&post=7"}],"version-history":[{"count":46,"href":"https:\/\/drinksimples.com.br\/index.php?rest_route=\/wp\/v2\/pages\/7\/revisions"}],"predecessor-version":[{"id":999,"href":"https:\/\/drinksimples.com.br\/index.php?rest_route=\/wp\/v2\/pages\/7\/revisions\/999"}],"wp:attachment":[{"href":"https:\/\/drinksimples.com.br\/index.php?rest_route=%2Fwp%2Fv2%2Fmedia&parent=7"}],"curies":[{"name":"wp","href":"https:\/\/api.w.org\/{rel}","templated":true}]}}